{"id":23,"date":"2024-04-04T19:59:41","date_gmt":"2024-04-04T17:59:41","guid":{"rendered":"http:\/\/localhost:8888\/reset-password\/"},"modified":"2024-04-04T19:59:41","modified_gmt":"2024-04-04T17:59:41","slug":"reset-password","status":"publish","type":"page","link":"https:\/\/feelmindfulness.com\/es\/reset-password\/","title":{"rendered":"Reset Password"},"content":{"rendered":"<div class=\"event-wrapper-shortcode reset-password\"><form name=\"resetpassform\" action=\"https:\/\/feelmindfulness.com\/es\/wp-login.php?action=resetpass\" method=\"POST\" class=\"event-auth-form\">\r\n\t<input type=\"hidden\" name=\"user_login\" value=\"\" \/>\r\n\r\n\t<div class=\"user-pass1-wrap\">\r\n\t\t<p class=\"form-row required\">\r\n\t\t\t<label for=\"pass1\">Password<\/label>\r\n\t\t<\/p>\r\n\r\n\t\t<div class=\"wp-pwd\">\r\n\t\t\t<span class=\"password-input-wrapper\">\r\n\t\t\t\t<input type=\"password\"  class=\"event_auth_input\" name=\"pass1\" \/>\r\n\t\t\t<\/span>\r\n\t\t<\/div>\r\n\t<\/div>\r\n\r\n\t<div class=\"user-pass2-wrap\">\r\n\t\t<p class=\"form-row required\">\r\n\t\t\t<label for=\"pass2\">Confirm Password<\/label>\r\n\t\t<\/p>\r\n\r\n\t\t<div class=\"wp-pwd\">\r\n\t\t\t<span class=\"password-input-wrapper\">\r\n\t\t\t\t<input type=\"password\" name=\"pass2\" class=\"event_auth_input\" \/>\r\n\t\t\t<\/span>\r\n\t\t<\/div>\r\n\t<\/div>\r\n\r\n\t<p class=\"description indicator-hint\">Sugerencia: La contrase\u00f1a debe ser de al menos doce caracteres. Para hacerla m\u00e1s fuerte usa may\u00fasculas y min\u00fasculas, n\u00fameros y s\u00edmbolos como ! \" ? $ % ^ y ).<\/p>\r\n\r\n\t\t<input type=\"hidden\" name=\"key\" value=\"\" \/>\r\n\t<p class=\"submit form-row required\">\r\n\t\t<input type=\"submit\" name=\"submit\" class=\"button button-primary button-large\" value=\"Reset Password\" \/>\r\n\t<\/p>\r\n<\/form>\r\n\r\n<p id=\"nav\">\r\n\t\t\t<a href=\"https:\/\/feelmindfulness.com\/es\/wp-login.php\">Log in<\/a>\r\n\t\t<\/p>\r\n<\/div>\n","protected":false},"excerpt":{"rendered":"","protected":false},"author":1,"featured_media":0,"parent":0,"menu_order":0,"comment_status":"closed","ping_status":"closed","template":"","meta":{"_acf_changed":false,"footnotes":""},"class_list":["post-23","page","type-page","status-publish","hentry"],"acf":[],"yoast_head":"<!-- This site is optimized with the Yoast SEO plugin v27.1.1 - https:\/\/yoast.com\/product\/yoast-seo-wordpress\/ -->\n<title>Reset Password - FEEL MINDFULNESS<\/title>\n<meta name=\"robots\" content=\"index, follow, max-snippet:-1, max-image-preview:large, max-video-preview:-1\" \/>\n<link rel=\"canonical\" href=\"https:\/\/feelmindfulness.com\/es\/reset-password\/\" \/>\n<meta property=\"og:locale\" content=\"es_ES\" \/>\n<meta property=\"og:type\" content=\"article\" \/>\n<meta property=\"og:title\" content=\"Reset Password - FEEL MINDFULNESS\" \/>\n<meta property=\"og:url\" content=\"https:\/\/feelmindfulness.com\/es\/reset-password\/\" \/>\n<meta property=\"og:site_name\" content=\"FEEL MINDFULNESS\" \/>\n<meta name=\"twitter:card\" content=\"summary_large_image\" \/>\n<script type=\"application\/ld+json\" class=\"yoast-schema-graph\">{\"@context\":\"https:\/\/schema.org\",\"@graph\":[{\"@type\":\"WebPage\",\"@id\":\"https:\/\/feelmindfulness.com\/es\/reset-password\/\",\"url\":\"https:\/\/feelmindfulness.com\/es\/reset-password\/\",\"name\":\"Reset Password - FEEL MINDFULNESS\",\"isPartOf\":{\"@id\":\"https:\/\/feelmindfulness.com\/es\/#website\"},\"datePublished\":\"2024-04-04T17:59:41+00:00\",\"breadcrumb\":{\"@id\":\"https:\/\/feelmindfulness.com\/es\/reset-password\/#breadcrumb\"},\"inLanguage\":\"es\",\"potentialAction\":[{\"@type\":\"ReadAction\",\"target\":[\"https:\/\/feelmindfulness.com\/es\/reset-password\/\"]}]},{\"@type\":\"BreadcrumbList\",\"@id\":\"https:\/\/feelmindfulness.com\/es\/reset-password\/#breadcrumb\",\"itemListElement\":[{\"@type\":\"ListItem\",\"position\":1,\"name\":\"Portada\",\"item\":\"https:\/\/feelmindfulness.com\/es\/\"},{\"@type\":\"ListItem\",\"position\":2,\"name\":\"Reset Password\"}]},{\"@type\":\"WebSite\",\"@id\":\"https:\/\/feelmindfulness.com\/es\/#website\",\"url\":\"https:\/\/feelmindfulness.com\/es\/\",\"name\":\"FEEL MINDFULNESS\",\"description\":\"Amb Mindfullness tu pots controlar-ho\",\"publisher\":{\"@id\":\"https:\/\/feelmindfulness.com\/es\/#organization\"},\"potentialAction\":[{\"@type\":\"SearchAction\",\"target\":{\"@type\":\"EntryPoint\",\"urlTemplate\":\"https:\/\/feelmindfulness.com\/es\/?s={search_term_string}\"},\"query-input\":{\"@type\":\"PropertyValueSpecification\",\"valueRequired\":true,\"valueName\":\"search_term_string\"}}],\"inLanguage\":\"es\"},{\"@type\":\"Organization\",\"@id\":\"https:\/\/feelmindfulness.com\/es\/#organization\",\"name\":\"FEEL MINDFULNESS\",\"url\":\"https:\/\/feelmindfulness.com\/es\/\",\"logo\":{\"@type\":\"ImageObject\",\"inLanguage\":\"es\",\"@id\":\"https:\/\/feelmindfulness.com\/es\/#\/schema\/logo\/image\/\",\"url\":\"https:\/\/feelmindfulness.com\/wp-content\/uploads\/2024\/04\/logo.svg\",\"contentUrl\":\"https:\/\/feelmindfulness.com\/wp-content\/uploads\/2024\/04\/logo.svg\",\"width\":570,\"height\":127,\"caption\":\"FEEL MINDFULNESS\"},\"image\":{\"@id\":\"https:\/\/feelmindfulness.com\/es\/#\/schema\/logo\/image\/\"}}]}<\/script>\n<!-- \/ Yoast SEO plugin. -->","yoast_head_json":{"title":"Reset Password - FEEL MINDFULNESS","robots":{"index":"index","follow":"follow","max-snippet":"max-snippet:-1","max-image-preview":"max-image-preview:large","max-video-preview":"max-video-preview:-1"},"canonical":"https:\/\/feelmindfulness.com\/es\/reset-password\/","og_locale":"es_ES","og_type":"article","og_title":"Reset Password - FEEL MINDFULNESS","og_url":"https:\/\/feelmindfulness.com\/es\/reset-password\/","og_site_name":"FEEL MINDFULNESS","twitter_card":"summary_large_image","schema":{"@context":"https:\/\/schema.org","@graph":[{"@type":"WebPage","@id":"https:\/\/feelmindfulness.com\/es\/reset-password\/","url":"https:\/\/feelmindfulness.com\/es\/reset-password\/","name":"Reset Password - FEEL MINDFULNESS","isPartOf":{"@id":"https:\/\/feelmindfulness.com\/es\/#website"},"datePublished":"2024-04-04T17:59:41+00:00","breadcrumb":{"@id":"https:\/\/feelmindfulness.com\/es\/reset-password\/#breadcrumb"},"inLanguage":"es","potentialAction":[{"@type":"ReadAction","target":["https:\/\/feelmindfulness.com\/es\/reset-password\/"]}]},{"@type":"BreadcrumbList","@id":"https:\/\/feelmindfulness.com\/es\/reset-password\/#breadcrumb","itemListElement":[{"@type":"ListItem","position":1,"name":"Portada","item":"https:\/\/feelmindfulness.com\/es\/"},{"@type":"ListItem","position":2,"name":"Reset Password"}]},{"@type":"WebSite","@id":"https:\/\/feelmindfulness.com\/es\/#website","url":"https:\/\/feelmindfulness.com\/es\/","name":"FEEL MINDFULNESS","description":"Amb Mindfullness tu pots controlar-ho","publisher":{"@id":"https:\/\/feelmindfulness.com\/es\/#organization"},"potentialAction":[{"@type":"SearchAction","target":{"@type":"EntryPoint","urlTemplate":"https:\/\/feelmindfulness.com\/es\/?s={search_term_string}"},"query-input":{"@type":"PropertyValueSpecification","valueRequired":true,"valueName":"search_term_string"}}],"inLanguage":"es"},{"@type":"Organization","@id":"https:\/\/feelmindfulness.com\/es\/#organization","name":"FEEL MINDFULNESS","url":"https:\/\/feelmindfulness.com\/es\/","logo":{"@type":"ImageObject","inLanguage":"es","@id":"https:\/\/feelmindfulness.com\/es\/#\/schema\/logo\/image\/","url":"https:\/\/feelmindfulness.com\/wp-content\/uploads\/2024\/04\/logo.svg","contentUrl":"https:\/\/feelmindfulness.com\/wp-content\/uploads\/2024\/04\/logo.svg","width":570,"height":127,"caption":"FEEL MINDFULNESS"},"image":{"@id":"https:\/\/feelmindfulness.com\/es\/#\/schema\/logo\/image\/"}}]}},"_links":{"self":[{"href":"https:\/\/feelmindfulness.com\/es\/wp-json\/wp\/v2\/pages\/23","targetHints":{"allow":["GET"]}}],"collection":[{"href":"https:\/\/feelmindfulness.com\/es\/wp-json\/wp\/v2\/pages"}],"about":[{"href":"https:\/\/feelmindfulness.com\/es\/wp-json\/wp\/v2\/types\/page"}],"author":[{"embeddable":true,"href":"https:\/\/feelmindfulness.com\/es\/wp-json\/wp\/v2\/users\/1"}],"replies":[{"embeddable":true,"href":"https:\/\/feelmindfulness.com\/es\/wp-json\/wp\/v2\/comments?post=23"}],"version-history":[{"count":0,"href":"https:\/\/feelmindfulness.com\/es\/wp-json\/wp\/v2\/pages\/23\/revisions"}],"wp:attachment":[{"href":"https:\/\/feelmindfulness.com\/es\/wp-json\/wp\/v2\/media?parent=23"}],"curies":[{"name":"wp","href":"https:\/\/api.w.org\/{rel}","templated":true}]}}